{"id":414384,"date":"2023-05-05T11:46:34","date_gmt":"2023-05-05T09:46:34","guid":{"rendered":"https:\/\/phileo-lesaffre.pl\/?page_id=414384"},"modified":"2024-09-06T06:56:27","modified_gmt":"2024-09-06T04:56:27","slug":"polityka-prywatnosci","status":"publish","type":"page","link":"https:\/\/phileo-lesaffre.pl\/pl\/polityka-prywatnosci\/","title":{"rendered":"Polityka Prywatno\u015bci"},"content":{"rendered":"<div class=\"wpb-content-wrapper\"><p>[vc_row css_animation=&#8221;&#8221; row_type=&#8221;row&#8221; use_row_as_full_screen_section=&#8221;no&#8221; type=&#8221;full_width&#8221; angled_section=&#8221;no&#8221; text_align=&#8221;left&#8221; background_image_as_pattern=&#8221;without_pattern&#8221; el_class=&#8221;breadcrumbtxt&#8221; z_index=&#8221;&#8221;][vc_column][vc_column_text]<span style=\"font-size: 12px;\"><span><span><a href=\"https:\/\/phileo-lesaffre.pl\/pl\/\">Phileo by Lesaffre<\/a><\/span><\/span><\/span>[\/vc_column_text][\/vc_column][\/vc_row][vc_row css_animation=&#8221;&#8221; row_type=&#8221;row&#8221; use_row_as_full_screen_section=&#8221;no&#8221; type=&#8221;full_width&#8221; angled_section=&#8221;no&#8221; text_align=&#8221;left&#8221; background_image_as_pattern=&#8221;without_pattern&#8221; css=&#8221;.vc_custom_1595001943689{padding-top: 3% !important;padding-right: 10% !important;padding-bottom: 5% !important;padding-left: 10% !important;}&#8221; z_index=&#8221;&#8221;][vc_column][vc_column_text]<\/p>\n<h2 style=\"text-align: center;\"><span style=\"color: #96bb39;\">ZASADY I WARUNKI<\/span><br \/>\n<span style=\"color: #96bb39;\">u\u017cytkowania strony internetowej Phileo by Lesaffre<\/span><\/h2>\n<p>&nbsp;<\/p>\n<p>Administratorem danych gromadzonych w ramach strony www phileo-lesaffre.pl jest Phileo by Lesaffre. Korzystanie z tej strony jest regulowane przez warunki wyszczeg\u00f3lnione poni\u017cej. Korzystaj\u0105c z tej strony, zgadzasz si\u0119 na przestrzeganie niniejszych warunk\u00f3w.<\/p>\n<h5><strong>JE\u015aLI NIE AKCEPTUJESZ WARUNK\u00d3W PRZEDSTAWIONYCH PONI\u017bEJ, PROSIMY O NATYCHMIASTOWE OPUSZCZENIE TEJ STRONY.<\/strong><\/h5>\n<p>&nbsp;<\/p>\n<h3>Informacje prawne<\/h3>\n<p>awarto\u015b\u0107 strony www phileo-lesaffre.pl zosta\u0142a stworzona wy\u0142\u0105cznie w celu dostarczenia informacji o Phileo by Lesaffre. Dane zawarte na stronie nie mog\u0105 by\u0107 wykorzystywane do cel\u00f3w komercyjnych bez uprzedniej pisemnej zgody wydawcy strony &#8211; Phileo by Lesaffre. Korzystanie ze strony jest regulowane przez nast\u0119puj\u0105ce warunki.<\/p>\n<p>&nbsp;<\/p>\n<h3>Og\u00f3lne warunki u\u017cytkowania<\/h3>\n<p>Kontrola i administracja strony odbywa si\u0119 z siedziby administracyjnej Phileo by Lesaffre w Marcq-en-Baroeul (Francja), kt\u00f3ra potwierdza, \u017ce ten materia\u0142 jest dostosowany lub dost\u0119pny do u\u017cytku we wszystkich krajach. Je\u015bli korzystasz z tej strony z innych region\u00f3w, to jeste\u015b odpowiedzialny za zapewnienie zgodno\u015bci z lokalnymi prawami i przepisami.<\/p>\n<p>Phileo by Lesaffre zastrzega sobie prawo do modyfikowania lub poprawiania zawarto\u015bci strony w dowolnym momencie, bez uprzedzenia, w uzupe\u0142nieniu do niniejszych warunk\u00f3w. Nie mo\u017ce by\u0107 uznana za odpowiedzialn\u0105 za ewentualne konsekwencje takich modyfikacji. Je\u017celi jakakolwiek cz\u0119\u015b\u0107 tych warunk\u00f3w wydaje si\u0119 by\u0107 nie do zastosowania, cz\u0119\u015b\u0107 ta b\u0119dzie interpretowana zgodnie z obowi\u0105zuj\u0105cym prawem, o ile jest to mo\u017cliwe, a wszystkie inne postanowienia pozostaj\u0105 wa\u017cne.<\/p>\n<p>&nbsp;<\/p>\n<h3>Prawa w\u0142asno\u015bci intelektualnej<\/h3>\n<p>Strona www phileo-lesaffre.pl w ca\u0142o\u015bci jest w\u0142asno\u015bci\u0105 Phileo by Lesaffre, podobnie jak wszystkie prawa pokrewne. Wszelkie cz\u0119\u015bciowe lub ca\u0142kowite powielanie musi zawsze podlega\u0107 autoryzacji ze strony w\u0142a\u015bcicieli strony.<br \/>\nPrezentacja i zawarto\u015b\u0107 strony stanowi\u0105 wsp\u00f3lnie &#8222;dzie\u0142o&#8221;, chronione przez obowi\u0105zuj\u0105ce przepisy dotycz\u0105ce praw w\u0142asno\u015bci intelektualnej nale\u017c\u0105cych do Phileo by Lesaffre.<\/p>\n<p>&nbsp;<\/p>\n<h3>Prawa autorskie<\/h3>\n<p>Tekst, obrazy, rysunki, uk\u0142ad i to\u017csamo\u015b\u0107 graficzna tej strony s\u0105 chronione przez ustawodawstwo wynikaj\u0105ce z w\u0142asno\u015bci intelektualnej. Kopiowanie, wyodr\u0119bnianie, rozpowszechnianie, nadawanie lub modyfikowanie zawarto\u015bci tej strony w celach komercyjnych jest surowo zabronione. Pobieranie i drukowanie tekstu, obraz\u00f3w i element\u00f3w graficznych jest dozwolone wy\u0142\u0105cznie do u\u017cytku prywatnego, z wy\u0142\u0105czeniem wszelkich zastosowa\u0144 komercyjnych. Reprodukcja rysunk\u00f3w, obraz\u00f3w, plik\u00f3w audio, sekwencji wideo i tekst\u00f3w w innych publikacjach elektronicznych lub drukowanych wymaga uprzedniej pisemnej zgody Phileo by Lesaffre.<\/p>\n<p>&nbsp;<\/p>\n<p><strong>Brak takiej zgody b\u0119dzie traktowany i \u015bcigany, jako przypadek naruszenia prawa w\u0142asno\u015bci intelektualnej.<\/strong><\/p>\n<p>Phileo by Lesaffre zezwala na pobranie kopii informacji do tymczasowego miejsca przechowywania danych wy\u0142\u0105cznie w celach prywatnych, pod warunkiem, \u017ce nie zostan\u0105 usuni\u0119te, zmienione lub zmodyfikowane strony lub tre\u015bci, kt\u00f3rych to dotyczy, nie zostanie zmienione logo praw autorskich lub innych symboli, takich jak symbole dotycz\u0105ce zarejestrowanych znak\u00f3w towarowych, zastrze\u017cenia praw lub innych praw chronionych (prawa autorskie, symbole &#8222;\u00a9&#8221; lub &#8222;\u00ae&#8221;, itp.), cyfrowych danych identyfikacyjnych lub innych aspekt\u00f3w technicznych stworzonych w celu rozpoznania.<\/p>\n<p>&nbsp;<\/p>\n<h3>Znaki towarowe<\/h3>\n<p>Znaki towarowe i loga znajduj\u0105ce si\u0119 na stronie s\u0105 zarejestrowane i chronione. Ka\u017cda ca\u0142kowita lub cz\u0119\u015bciowa reprodukcja tych znak\u00f3w i\/lub logo, wykonana w oparciu o elementy znajduj\u0105ce si\u0119 na stronie, bez wyra\u017anej zgody Phileo by Lesaffre, stanowi akt naruszenia prawa, podlegaj\u0105cy artyku\u0142om L.335-2 i nast\u0119pnym Kodeksu W\u0142asno\u015bci Intelektualnej.<\/p>\n<p>&nbsp;<\/p>\n<h3>Bazy danych<\/h3>\n<p>Bazy danych stworzone przez Phileo by Lesaffre s\u0105 chronione prawem autorskim oraz ustaw\u0105 z dnia 1 lipca 1998 roku, dostosowuj\u0105c\u0105 kodeks w\u0142asno\u015bci intelektualnej do dyrektywy europejskiej z dnia 11 marca 1996 roku, dotycz\u0105cej ochrony prawnej baz danych. Bez uprzedniej pisemnej zgody Phileo by Lesaffre, jakiekolwiek powielanie, przedstawianie, adaptacja, t\u0142umaczenie i\/lub modyfikacja (cz\u0119\u015bciowa lub ca\u0142kowita) lub jakiekolwiek przenoszenie na inn\u0105 stron\u0119 jest surowo zabronione.<\/p>\n<p>&nbsp;<\/p>\n<h3>Kontestacje<\/h3>\n<p>Z wyj\u0105tkiem wyra\u017anych postanowie\u0144 wyszczeg\u00f3lnionych powy\u017cej, \u017caden aspekt niniejszego dokumentu nie mo\u017ce by\u0107 interpretowany jako udzielenie jakiejkolwiek licencji, prawa, praw autorskich lub innych praw w\u0142asno\u015bci intelektualnej w jakiejkolwiek formie. Je\u015bli jako w\u0142a\u015bciciel prawa w\u0142asno\u015bci intelektualnej uwa\u017casz, \u017ce Twoja praca zosta\u0142a nieuczciwie skopiowana lub rozpowszechniona za po\u015brednictwem tej strony, prosimy o natychmiastowe poinformowanie o tym Phileo by Lesaffre pisz\u0105c na nast\u0119puj\u0105cy adres: Phileo by Lesaffre &#8211; 137 rue Gabriel P\u00e9ri, 59700 MARCQ-EN-BAROEUL &#8211; Francja.<\/p>\n<p>&nbsp;<\/p>\n<div>\n<div>\n<div>\n<div>\n<h2>Polityka prywatno\u015bci i plik\u00f3w cookies<\/h2>\n<p>Twoja prywatno\u015b\u0107 jest priorytetem dla Phileo by Lesaffre, dlatego do\u0142o\u017cyli\u015bmy szczeg\u00f3lnych stara\u0144, aby nasza strona www phileo-lesaffre.pl obs\u0142ugiwa\u0142a Twoje dane osobowe i pozwala\u0142a Ci kontrolowa\u0107, co z nimi robimy.<\/p>\n<p>Mo\u017cliwe, \u017ce ta strona nie jest idealna, ale starali\u015bmy si\u0119 , \u017ceby uszanowa\u0142a Twoje dane na tyle, na ile jest to mo\u017cliwe:<\/p>\n<ul>\n<li>zebrane dane osobowe s\u0105 ograniczone do minimum, aby umo\u017cliwi\u0107 funkcjonowanie strony www phileo-lesaffre.pl i zapewni\u0107 Ci us\u0142ugi, kt\u00f3rych oczekujesz;<\/li>\n<li>strona www phileo-lesaffre.pl nie posiada przycisk\u00f3w udost\u0119pniania spo\u0142eczno\u015bciowego, aby unikn\u0105\u0107 instalacji \u015bledz\u0105cych plik\u00f3w cookie;<\/li>\n<li>strona www phileo-lesaffre.pl nie prezentuje \u017cadnych reklam, aby unikn\u0105\u0107 instalacji retargetingowych plik\u00f3w cookie;<\/li>\n<li>strona www phileo-lesaffre.pl oferuje mo\u017cliwo\u015b\u0107 akceptacji lub odrzucenia (domy\u015blnie) korzystania z plik\u00f3w cookie stron trzecich;<\/li>\n<li>strona www phileo-lesaffre.pl honoruje \u017c\u0105dania Do Not Track.<\/li>\n<\/ul>\n<p>Oczywi\u015bcie, jako \u017ce Twoje dane s\u0105 dla nas wa\u017cne, Phileo by Lesaffre nie sprzedaje ani nie udost\u0119pnia ich nikomu. Co wi\u0119cej, strona www phileo-lesaffre.pl nie podejmuje zautomatyzowanych decyzji lub profilowania w oparciu o Twoje dane osobowe.<\/p>\n<p>&nbsp;<\/p>\n<\/div>\n<\/div>\n<\/div>\n<\/div>\n<div>\n<div>\n<div>\n<div>\n<h3>Zgromadzone dane<\/h3>\n<p>Strona www phileo-lesaffre.pl oraz Twoje dane s\u0105 przechowywane na serwerze Microsoft Azure w Europie.<\/p>\n<\/div>\n<\/div>\n<\/div>\n<\/div>\n<div>\n<div>\n<h4><\/h4>\n<h4>Komentarze<\/h4>\n<p>W przypadku pozostawienia przez Ciebie komentarza na tej stronie, zbierane s\u0105 dane podane w formularzu komentarza, a tak\u017ce Tw\u00f3j adres IP i ci\u0105g agenta u\u017cytkownika przegl\u0105darki, aby u\u0142atwi\u0107 wykrywanie spamu. Zanonimizowany ci\u0105g utworzony z Twojego adresu e-mail (zwany r\u00f3wnie\u017c hashem), mo\u017ce zosta\u0107 przekazany do us\u0142ugi Gravatar, aby sprawdzi\u0107, czy z niej korzystasz. Po zatwierdzeniu Twojego komentarza, Twoje zdj\u0119cie profilowe jest widoczne publicznie w kontek\u015bcie Twojego komentarza.<\/p>\n<\/div>\n<div>\n<div>\n<div>\n<h4><\/h4>\n<h4>Formularz kontaktowy<\/h4>\n<p>Kiedy korzystasz z formularza kontaktowego na stronie www phileo-lesaffre.pl, zbierane s\u0105 dane pokazane w formularzu, a tak\u017ce Tw\u00f3j adres IP i ci\u0105g agenta u\u017cytkownika przegl\u0105darki, aby pom\u00f3c w wykrywaniu spamu.<\/p>\n<\/div>\n<\/div>\n<div>\n<div>\n<h4><\/h4>\n<h4>Newsletter<\/h4>\n<p>Zapisuj\u0105c si\u0119 na newsletter Phileo by Lesaffre, zbierany jest Tw\u00f3j adres e-mail oraz adres IP.<\/p>\n<p>Dodatkowymi dostawcami to\u017csamo\u015bci s\u0105 Twitter, Facebook, Google.<\/p>\n<p>&nbsp;<\/p>\n<\/div>\n<\/div>\n<\/div>\n<\/div>\n<h3>Informacje o plikach cookie<\/h3>\n<p>Aby poprawi\u0107 jako\u015b\u0107 naszych us\u0142ug, mierzymy liczb\u0119 ods\u0142on, liczb\u0119 wizyt, a tak\u017ce aktywno\u015b\u0107 os\u00f3b odwiedzaj\u0105cych nasz\u0105 stron\u0119 internetow\u0105, w tym ich wska\u017anik powrot\u00f3w. Aby to osi\u0105gn\u0105\u0107, wykorzystujemy pliki &#8222;cookies&#8221;. Pliki cookies u\u017cywane przez stron\u0119 www phileo-lesaffre.pl, zawieraj\u0105 unikalny identyfikator generowany losowo, opr\u00f3cz daty ostatniej wizyty.<\/p>\n<div class=\"et_pb_row et_pb_row_5\">\n<div class=\"et_pb_column et_pb_column_4_4 et_pb_column_8 et_pb_css_mix_blend_mode_passthrough et-last-child\">\n<div class=\"et_pb_module et_pb_text et_pb_text_9 et_pb_bg_layout_light et_pb_text_align_left\">\n<div class=\"et_pb_text_inner\">\n<p>Kiedy po raz pierwszy wchodzisz na t\u0119 stron\u0119, u\u017cywane s\u0105 tylko niezb\u0119dne pliki cookie. I b\u0119dzie to mia\u0142o miejsce tak d\u0142ugo, jak d\u0142ugo nie klikniesz przycisku &#8222;Zgadzam si\u0119&#8221; w p\u0142ywaj\u0105cym czerwonym banerze. Opr\u00f3cz tych niezb\u0119dnych plik\u00f3w cookie, mo\u017cesz wybra\u0107 &#8211; w ka\u017cdej chwili &#8211; akceptacj\u0119 lub odmow\u0119 ich u\u017cycia. Aby to zrobi\u0107, kliknij tarcz\u0119 po prawej stronie stopki, aby uzyska\u0107 dost\u0119p do Centrum Preferencji Prywatno\u015bci.<\/p>\n<p>Poni\u017cej znajduj\u0105 si\u0119 szczeg\u00f3\u0142y dotycz\u0105ce kategorii plik\u00f3w cookie u\u017cywanych na tej stronie:<\/p>\n<\/div>\n<\/div>\n<\/div>\n<\/div>\n<div>\n<div>\n<div>\n<div>\n<h4><\/h4>\n<h4>Niezb\u0119dne pliki cookies.<\/h4>\n<p>Sam WordPress (i PHP) u\u017cywa plik\u00f3w cookie. Te pliki cookie s\u0105 obowi\u0105zkowe, aby strona dzia\u0142a\u0142a prawid\u0142owo.<\/p>\n<\/div>\n<\/div>\n<div>\n<div>\n<h4><\/h4>\n<h4>Pliki cookie dotycz\u0105ce analizy<\/h4>\n<p>Analizujemy ruch i interakcje u\u017cytkownik\u00f3w z t\u0105 witryn\u0105, aby wykry\u0107 potencjalne problemy, zmierzy\u0107 popularno\u015b\u0107 i dostosowa\u0107 zawarto\u015b\u0107. Odbywa si\u0119 to za pomoc\u0105 Google Analytics i Google Tag Manager. Us\u0142ugi te wykorzystuj\u0105 pliki cookie.<\/p>\n<\/div>\n<\/div>\n<\/div>\n<div>\n<div>\n<div>\n<h4><\/h4>\n<h4>Pliki cookie osadzonych tre\u015bci<\/h4>\n<p>Artyku\u0142y na tej stronie mog\u0105 zawiera\u0107 osadzone tre\u015bci (np. filmy, tweety, pliki pdf itp.). Osadzone tre\u015bci z innych stron internetowych zachowuj\u0105 si\u0119 dok\u0142adnie tak samo, jak gdyby odwiedzaj\u0105cy odwiedzi\u0142 inn\u0105 stron\u0119 internetow\u0105.<\/p>\n<p>Te strony internetowe mog\u0105 zbiera\u0107 dane o Tobie, u\u017cywa\u0107 plik\u00f3w cookie, dodawa\u0107 dodatkowe \u015bledzenie przez strony trzecie i monitorowa\u0107 Twoj\u0105 interakcj\u0119 z t\u0105 osadzon\u0105 tre\u015bci\u0105, w tym \u015bledzi\u0107 Twoj\u0105 interakcj\u0119 z osadzon\u0105 tre\u015bci\u0105, je\u015bli masz konto i jeste\u015b zalogowany na tej stronie.<\/p>\n<\/div>\n<\/div>\n<\/div>\n<\/div>\n<p>&nbsp;<\/p>\n<h3>Twoje prawa<\/h3>\n<p>Poniewa\u017c Twoje dane, w tym metadane, s\u0105 przechowywane przez czas nieokre\u015blony, je\u015bli masz konto na tej stronie lub pozostawi\u0142e\u015b komentarze, mo\u017cesz za\u017c\u0105da\u0107 otrzymania wyeksportowanego pliku z danymi osobowymi, kt\u00f3re przechowujemy na Tw\u00f3j temat. Mo\u017cesz r\u00f3wnie\u017c za\u017c\u0105da\u0107, aby\u015bmy usun\u0119li wszelkie dane osobowe, kt\u00f3re posiadamy na Tw\u00f3j temat.<\/p>\n<p>Mimo \u017ce robimy wszystko, aby zapobiec wyciekowi danych osobowych, strona www phileo-lesaffre.pl nie jest odporna na wszelkie b\u0142\u0119dy lub w\u0142amania. Gdyby taki przypadek mia\u0142 miejsce, zostaniesz powiadomiony w ci\u0105gu maksymalnie 72 godzin od odkrycia naruszenia danych za pomoc\u0105 wszelkich \u015brodk\u00f3w, kt\u00f3re b\u0119d\u0105 w\u00f3wczas w naszym posiadaniu.<\/p>\n<p>&nbsp;<\/p>\n<h3>W\u0142a\u015bciwo\u015b\u0107 prawna<\/h3>\n<p>W przypadku spor\u00f3w s\u0105dowych lub spornych, zastosowanie b\u0119dzie mia\u0142o wy\u0142\u0105cznie prawo francuskie i tylko s\u0105dy w Lille (Francja) b\u0119d\u0105 uznawane za w\u0142a\u015bciwe.<\/p>\n<p>&nbsp;<\/p>\n<p>\u00a9 2020 \u2013 Phileo by Lesaffre \u2013 All rights reserved.<\/p>\n<p><strong>Publication manager:\u00a0<\/strong>Ms Cl\u00e9mentine MARIEN<\/p>\n<p><strong>Website development:\u00a0<\/strong><a href=\"https:\/\/ovm-communication.fr\" target=\"_blank\" rel=\"nofollow noopener noreferrer\">OVM Communication<\/a><\/p>\n<p><strong>Site owner\/publisher:\u00a0<\/strong>Phileo by Lesaffre &#8211;\u00a0137 rue Gabriel P\u00e9ri, 59700 MARCQ-EN-BAROEUL\u00a0\u2013 France[\/vc_column_text][\/vc_column][\/vc_row]<\/p>\n<\/div>","protected":false},"excerpt":{"rendered":"<p>[vc_row css_animation=&#8221;&#8221; row_type=&#8221;row&#8221; use_row_as_full_screen_section=&#8221;no&#8221; type=&#8221;full_width&#8221; angled_section=&#8221;no&#8221; text_align=&#8221;left&#8221; background_image_as_pattern=&#8221;without_pattern&#8221; el_class=&#8221;breadcrumbtxt&#8221; z_index=&#8221;&#8221;][vc_column][vc_column_text][\/vc_column_text][\/vc_column][\/vc_row][vc_row css_animation=&#8221;&#8221; row_type=&#8221;row&#8221; use_row_as_full_screen_section=&#8221;no&#8221; type=&#8221;full_width&#8221; angled_section=&#8221;no&#8221; text_align=&#8221;left&#8221; background_image_as_pattern=&#8221;without_pattern&#8221; css=&#8221;.vc_custom_1595001943689{padding-top: 3% !important;padding-right: 10% !important;padding-bottom: 5% !important;padding-left: 10% !important;}&#8221; z_index=&#8221;&#8221;][vc_column][vc_column_text] ZASADY I WARUNKI u\u017cytkowania strony internetowej Phileo by Lesaffre &nbsp; Administratorem danych gromadzonych w ramach strony www phileo-lesaffre.pl&#8230;<\/p>\n","protected":false},"author":8,"featured_media":0,"parent":0,"menu_order":0,"comment_status":"closed","ping_status":"closed","template":"full_width.php","meta":{"footnotes":""},"class_list":["post-414384","page","type-page","status-publish","hentry"],"yoast_head":"<!-- This site is optimized with the Yoast SEO Premium plugin v18.4 (Yoast SEO v27.3) - https:\/\/yoast.com\/product\/yoast-seo-premium-wordpress\/ -->\n<title>Polityka Prywatno\u015bci &#8226; Phileo by Lesaffre<\/title>\n<meta name=\"robots\" content=\"noindex, follow\" \/>\n<meta property=\"og:locale\" content=\"pl_PL\" \/>\n<meta property=\"og:type\" content=\"article\" \/>\n<meta property=\"og:title\" content=\"Polityka Prywatno\u015bci\" \/>\n<meta property=\"og:description\" content=\"ZASADY I WARUNKI u\u017cytkowania strony internetowej Phileo by Lesaffre &nbsp; Administratorem danych gromadzonych w ramach strony www phileo-lesaffre.pl jest\" \/>\n<meta property=\"og:url\" content=\"https:\/\/phileo-lesaffre.pl\/pl\/polityka-prywatnosci\/\" \/>\n<meta property=\"og:site_name\" content=\"Phileo by Lesaffre\" \/>\n<meta property=\"article:publisher\" content=\"https:\/\/www.facebook.com\/phileo.lesaffre\/\" \/>\n<meta property=\"article:modified_time\" content=\"2024-09-06T04:56:27+00:00\" \/>\n<meta name=\"twitter:card\" content=\"summary_large_image\" \/>\n<meta name=\"twitter:site\" content=\"@PhileoLesaffre\" \/>\n<meta name=\"twitter:label1\" content=\"Szacowany czas czytania\" \/>\n\t<meta name=\"twitter:data1\" content=\"6 minut\" \/>\n<script type=\"application\/ld+json\" class=\"yoast-schema-graph\">{\"@context\":\"https:\\\/\\\/schema.org\",\"@graph\":[{\"@type\":\"WebPage\",\"@id\":\"https:\\\/\\\/phileo-lesaffre.pl\\\/pl\\\/polityka-prywatnosci\\\/\",\"url\":\"https:\\\/\\\/phileo-lesaffre.pl\\\/pl\\\/polityka-prywatnosci\\\/\",\"name\":\"Polityka Prywatno\u015bci &#8226; Phileo by Lesaffre\",\"isPartOf\":{\"@id\":\"\\\/#website\"},\"datePublished\":\"2023-05-05T09:46:34+00:00\",\"dateModified\":\"2024-09-06T04:56:27+00:00\",\"breadcrumb\":{\"@id\":\"https:\\\/\\\/phileo-lesaffre.pl\\\/pl\\\/polityka-prywatnosci\\\/#breadcrumb\"},\"inLanguage\":\"pl-PL\",\"potentialAction\":[{\"@type\":\"ReadAction\",\"target\":[\"https:\\\/\\\/phileo-lesaffre.pl\\\/pl\\\/polityka-prywatnosci\\\/\"]}]},{\"@type\":\"BreadcrumbList\",\"@id\":\"https:\\\/\\\/phileo-lesaffre.pl\\\/pl\\\/polityka-prywatnosci\\\/#breadcrumb\",\"itemListElement\":[{\"@type\":\"ListItem\",\"position\":1,\"name\":\"Phileo by Lesaffre\",\"item\":\"https:\\\/\\\/phileo-lesaffre.pl\\\/pl\\\/\"},{\"@type\":\"ListItem\",\"position\":2,\"name\":\"Polityka Prywatno\u015bci\"}]},{\"@type\":\"WebSite\",\"@id\":\"\\\/#website\",\"url\":\"\\\/\",\"name\":\"Phileo by Lesaffre\",\"description\":\"Animal nutrition and health from yeast products\",\"publisher\":{\"@id\":\"\\\/#organization\"},\"potentialAction\":[{\"@type\":\"SearchAction\",\"target\":{\"@type\":\"EntryPoint\",\"urlTemplate\":\"\\\/?s={search_term_string}\"},\"query-input\":{\"@type\":\"PropertyValueSpecification\",\"valueRequired\":true,\"valueName\":\"search_term_string\"}}],\"inLanguage\":\"pl-PL\"},{\"@type\":\"Organization\",\"@id\":\"\\\/#organization\",\"name\":\"Phileo by Lesaffre\",\"url\":\"\\\/\",\"logo\":{\"@type\":\"ImageObject\",\"inLanguage\":\"pl-PL\",\"@id\":\"\\\/#\\\/schema\\\/logo\\\/image\\\/\",\"url\":\"https:\\\/\\\/phileo-lesaffre.pl\\\/wp-content\\\/uploads\\\/2019\\\/04\\\/logo-phileo-lesaffre-1.jpg\",\"contentUrl\":\"https:\\\/\\\/phileo-lesaffre.pl\\\/wp-content\\\/uploads\\\/2019\\\/04\\\/logo-phileo-lesaffre-1.jpg\",\"width\":500,\"height\":250,\"caption\":\"Phileo by Lesaffre\"},\"image\":{\"@id\":\"\\\/#\\\/schema\\\/logo\\\/image\\\/\"},\"sameAs\":[\"https:\\\/\\\/www.facebook.com\\\/phileo.lesaffre\\\/\",\"https:\\\/\\\/x.com\\\/PhileoLesaffre\",\"https:\\\/\\\/www.linkedin.com\\\/company\\\/phileo\\\/\"]}]}<\/script>\n<!-- \/ Yoast SEO Premium plugin. -->","yoast_head_json":{"title":"Polityka Prywatno\u015bci &#8226; Phileo by Lesaffre","robots":{"index":"noindex","follow":"follow"},"og_locale":"pl_PL","og_type":"article","og_title":"Polityka Prywatno\u015bci","og_description":"ZASADY I WARUNKI u\u017cytkowania strony internetowej Phileo by Lesaffre &nbsp; Administratorem danych gromadzonych w ramach strony www phileo-lesaffre.pl jest","og_url":"https:\/\/phileo-lesaffre.pl\/pl\/polityka-prywatnosci\/","og_site_name":"Phileo by Lesaffre","article_publisher":"https:\/\/www.facebook.com\/phileo.lesaffre\/","article_modified_time":"2024-09-06T04:56:27+00:00","twitter_card":"summary_large_image","twitter_site":"@PhileoLesaffre","twitter_misc":{"Szacowany czas czytania":"6 minut"},"schema":{"@context":"https:\/\/schema.org","@graph":[{"@type":"WebPage","@id":"https:\/\/phileo-lesaffre.pl\/pl\/polityka-prywatnosci\/","url":"https:\/\/phileo-lesaffre.pl\/pl\/polityka-prywatnosci\/","name":"Polityka Prywatno\u015bci &#8226; Phileo by Lesaffre","isPartOf":{"@id":"\/#website"},"datePublished":"2023-05-05T09:46:34+00:00","dateModified":"2024-09-06T04:56:27+00:00","breadcrumb":{"@id":"https:\/\/phileo-lesaffre.pl\/pl\/polityka-prywatnosci\/#breadcrumb"},"inLanguage":"pl-PL","potentialAction":[{"@type":"ReadAction","target":["https:\/\/phileo-lesaffre.pl\/pl\/polityka-prywatnosci\/"]}]},{"@type":"BreadcrumbList","@id":"https:\/\/phileo-lesaffre.pl\/pl\/polityka-prywatnosci\/#breadcrumb","itemListElement":[{"@type":"ListItem","position":1,"name":"Phileo by Lesaffre","item":"https:\/\/phileo-lesaffre.pl\/pl\/"},{"@type":"ListItem","position":2,"name":"Polityka Prywatno\u015bci"}]},{"@type":"WebSite","@id":"\/#website","url":"\/","name":"Phileo by Lesaffre","description":"Animal nutrition and health from yeast products","publisher":{"@id":"\/#organization"},"potentialAction":[{"@type":"SearchAction","target":{"@type":"EntryPoint","urlTemplate":"\/?s={search_term_string}"},"query-input":{"@type":"PropertyValueSpecification","valueRequired":true,"valueName":"search_term_string"}}],"inLanguage":"pl-PL"},{"@type":"Organization","@id":"\/#organization","name":"Phileo by Lesaffre","url":"\/","logo":{"@type":"ImageObject","inLanguage":"pl-PL","@id":"\/#\/schema\/logo\/image\/","url":"https:\/\/phileo-lesaffre.pl\/wp-content\/uploads\/2019\/04\/logo-phileo-lesaffre-1.jpg","contentUrl":"https:\/\/phileo-lesaffre.pl\/wp-content\/uploads\/2019\/04\/logo-phileo-lesaffre-1.jpg","width":500,"height":250,"caption":"Phileo by Lesaffre"},"image":{"@id":"\/#\/schema\/logo\/image\/"},"sameAs":["https:\/\/www.facebook.com\/phileo.lesaffre\/","https:\/\/x.com\/PhileoLesaffre","https:\/\/www.linkedin.com\/company\/phileo\/"]}]}},"_links":{"self":[{"href":"https:\/\/phileo-lesaffre.pl\/pl\/wp-json\/wp\/v2\/pages\/414384","targetHints":{"allow":["GET"]}}],"collection":[{"href":"https:\/\/phileo-lesaffre.pl\/pl\/wp-json\/wp\/v2\/pages"}],"about":[{"href":"https:\/\/phileo-lesaffre.pl\/pl\/wp-json\/wp\/v2\/types\/page"}],"author":[{"embeddable":true,"href":"https:\/\/phileo-lesaffre.pl\/pl\/wp-json\/wp\/v2\/users\/8"}],"replies":[{"embeddable":true,"href":"https:\/\/phileo-lesaffre.pl\/pl\/wp-json\/wp\/v2\/comments?post=414384"}],"version-history":[{"count":10,"href":"https:\/\/phileo-lesaffre.pl\/pl\/wp-json\/wp\/v2\/pages\/414384\/revisions"}],"predecessor-version":[{"id":414502,"href":"https:\/\/phileo-lesaffre.pl\/pl\/wp-json\/wp\/v2\/pages\/414384\/revisions\/414502"}],"wp:attachment":[{"href":"https:\/\/phileo-lesaffre.pl\/pl\/wp-json\/wp\/v2\/media?parent=414384"}],"curies":[{"name":"wp","href":"https:\/\/api.w.org\/{rel}","templated":true}]}}